{"id":254,"date":"2016-11-09T23:35:36","date_gmt":"2016-11-09T22:35:36","guid":{"rendered":"https:\/\/oceanwp.org\/architect\/?page_id=254"},"modified":"2021-11-16T20:49:24","modified_gmt":"2021-11-16T19:49:24","slug":"kontakt","status":"publish","type":"page","link":"https:\/\/gregorgebus.com\/index.php\/kontakt\/","title":{"rendered":"NAPISZ DO MNIE"},"content":{"rendered":"\t\t<div data-elementor-type=\"wp-page\" data-elementor-id=\"254\" class=\"elementor elementor-254\">\n\t\t\t\t\t\t<section class=\"elementor-section elementor-top-section elementor-element elementor-element-96e21cf elementor-section-boxed elementor-section-height-default elementor-section-height-default\" data-id=\"96e21cf\" data-element_type=\"section\" data-e-type=\"section\">\n\t\t\t\t\t\t<div class=\"elementor-container elementor-column-gap-default\">\n\t\t\t\t\t<div class=\"elementor-column elementor-col-100 elementor-top-column elementor-element elementor-element-f405f7f\" data-id=\"f405f7f\" data-element_type=\"column\" data-e-type=\"column\">\n\t\t\t<div class=\"elementor-widget-wrap elementor-element-populated\">\n\t\t\t\t\t\t<section class=\"elementor-section elementor-inner-section elementor-element elementor-element-5f752dd7 elementor-section-boxed elementor-section-height-default elementor-section-height-default\" data-id=\"5f752dd7\" data-element_type=\"section\" data-e-type=\"section\">\n\t\t\t\t\t\t<div class=\"elementor-container elementor-column-gap-default\">\n\t\t\t\t\t<div class=\"elementor-column elementor-col-50 elementor-inner-column elementor-element elementor-element-1a3bdf5f\" data-id=\"1a3bdf5f\" data-element_type=\"column\" data-e-type=\"column\">\n\t\t\t<div class=\"elementor-widget-wrap elementor-element-populated\">\n\t\t\t\t\t\t<div class=\"elementor-element elementor-element-40e73de3 elementor-invisible elementor-widget elementor-widget-heading\" data-id=\"40e73de3\" data-element_type=\"widget\" data-e-type=\"widget\" data-settings=\"{&quot;_animation&quot;:&quot;fadeInUp&quot;}\" data-widget_type=\"heading.default\">\n\t\t\t\t<div class=\"elementor-widget-container\">\n\t\t\t\t\t<h3 class=\"elementor-heading-title elementor-size-default\">ZAPRASZAM DO KONTAKTU!<\/h3>\t\t\t\t<\/div>\n\t\t\t\t<\/div>\n\t\t\t\t\t<\/div>\n\t\t<\/div>\n\t\t\t\t<div class=\"elementor-column elementor-col-50 elementor-inner-column elementor-element elementor-element-59f1bf1e\" data-id=\"59f1bf1e\" data-element_type=\"column\" data-e-type=\"column\">\n\t\t\t<div class=\"elementor-widget-wrap elementor-element-populated\">\n\t\t\t\t\t\t<div class=\"elementor-element elementor-element-4e5e433c elementor-widget elementor-widget-text-editor\" data-id=\"4e5e433c\" data-element_type=\"widget\" data-e-type=\"widget\" data-widget_type=\"text-editor.default\">\n\t\t\t\t<div class=\"elementor-widget-container\">\n\t\t\t\t\t\t\t\t\t<p>Je\u017celi spodoba\u0142y Ci si\u0119 moje zdj\u0119cia i chcesz stan\u0105\u0107 przed moim obiektywem, zapraszam Ci\u0119 do wype\u0142nienia formularza kontaktowego, napisania maila lub kontaktu telefonicznego w celu om\u00f3wienia szczeg\u00f3\u0142\u00f3w.<\/p>\t\t\t\t\t\t\t\t<\/div>\n\t\t\t\t<\/div>\n\t\t\t\t\t<\/div>\n\t\t<\/div>\n\t\t\t\t\t<\/div>\n\t\t<\/section>\n\t\t\t\t\t<\/div>\n\t\t<\/div>\n\t\t\t\t\t<\/div>\n\t\t<\/section>\n\t\t\t\t<section class=\"elementor-section elementor-top-section elementor-element elementor-element-ef7ea11 elementor-section-boxed elementor-section-height-default elementor-section-height-default\" data-id=\"ef7ea11\" data-element_type=\"section\" data-e-type=\"section\">\n\t\t\t\t\t\t<div class=\"elementor-container elementor-column-gap-default\">\n\t\t\t\t\t<div class=\"elementor-column elementor-col-66 elementor-top-column elementor-element elementor-element-b75074d\" data-id=\"b75074d\" data-element_type=\"column\" data-e-type=\"column\">\n\t\t\t<div class=\"elementor-widget-wrap elementor-element-populated\">\n\t\t\t\t\t\t<div class=\"elementor-element elementor-element-f195667 elementor-widget elementor-widget-wp-widget-wpforms-widget\" data-id=\"f195667\" data-element_type=\"widget\" data-e-type=\"widget\" data-widget_type=\"wp-widget-wpforms-widget.default\">\n\t\t\t\t<div class=\"elementor-widget-container\">\n\t\t\t\t\t<div class=\"wpforms-container wpforms-container-full\" id=\"wpforms-3079\"><form id=\"wpforms-form-3079\" class=\"wpforms-validate wpforms-form wpforms-ajax-form\" data-formid=\"3079\" method=\"post\" enctype=\"multipart\/form-data\" action=\"\/index.php\/wp-json\/wp\/v2\/pages\/254\" data-token=\"615d31bef5a19dbfc7793c09fc6b5218\" data-token-time=\"1776684226\"><noscript class=\"wpforms-error-noscript\">Aby wype\u0142ni\u0107 ten formularz, w\u0142\u0105cz obs\u0142ug\u0119 JavaScript w przegl\u0105darce.<\/noscript><div class=\"wpforms-field-container\"><div id=\"wpforms-3079-field_0-container\" class=\"wpforms-field wpforms-field-name\" data-field-id=\"0\"><label class=\"wpforms-field-label\" for=\"wpforms-3079-field_0\">Twoje imi\u0119 <span class=\"wpforms-required-label\">*<\/span><\/label><input type=\"text\" id=\"wpforms-3079-field_0\" class=\"wpforms-field-large wpforms-field-required\" name=\"wpforms[fields][0]\" required><\/div><div id=\"wpforms-3079-field_1-container\" class=\"wpforms-field wpforms-field-email\" data-field-id=\"1\"><label class=\"wpforms-field-label\" for=\"wpforms-3079-field_1\">Adres email <span class=\"wpforms-required-label\">*<\/span><\/label><input type=\"email\" id=\"wpforms-3079-field_1\" class=\"wpforms-field-large wpforms-field-required\" name=\"wpforms[fields][1]\" spellcheck=\"false\" required><\/div><div id=\"wpforms-3079-field_3-container\" class=\"wpforms-field wpforms-field-text\" data-field-id=\"3\"><label class=\"wpforms-field-label\" for=\"wpforms-3079-field_3\">Temat<\/label><input type=\"text\" id=\"wpforms-3079-field_3\" class=\"wpforms-field-large\" name=\"wpforms[fields][3]\" ><\/div><div id=\"wpforms-3079-field_2-container\" class=\"wpforms-field wpforms-field-textarea\" data-field-id=\"2\"><label class=\"wpforms-field-label\" for=\"wpforms-3079-field_2\">Twoja wiadomo\u015b\u0107 <span class=\"wpforms-required-label\">*<\/span><\/label><textarea id=\"wpforms-3079-field_2\" class=\"wpforms-field-large wpforms-field-required\" name=\"wpforms[fields][2]\" required><\/textarea><\/div><div id=\"wpforms-3079-field_4-container\" class=\"wpforms-field wpforms-field-checkbox\" data-field-id=\"4\"><ul id=\"wpforms-3079-field_4\"><li class=\"choice-1 depth-1\"><input type=\"checkbox\" id=\"wpforms-3079-field_4_1\" name=\"wpforms[fields][4][]\" value=\" Wyra\u017cam zgod\u0119 na przetwarzanie moich danych osobowych w celu odpowiedzi na zadane pytanie.\"  ><label class=\"wpforms-field-label-inline\" for=\"wpforms-3079-field_4_1\">Wyra\u017cam zgod\u0119 na przetwarzanie moich danych osobowych w celu odpowiedzi na zadane pytanie.<\/label><\/li><\/ul><\/div><\/div><!-- .wpforms-field-container --><div class=\"wpforms-recaptcha-container wpforms-is-recaptcha wpforms-is-recaptcha-type-v3\" ><input type=\"hidden\" name=\"wpforms[recaptcha]\" value=\"\"><\/div><div class=\"wpforms-submit-container\" ><input type=\"hidden\" name=\"wpforms[id]\" value=\"3079\"><input type=\"hidden\" name=\"page_title\" value=\"\"><input type=\"hidden\" name=\"page_url\" value=\"https:\/\/gregorgebus.com\/index.php\/wp-json\/wp\/v2\/pages\/254\"><input type=\"hidden\" name=\"url_referer\" value=\"\"><button type=\"submit\" name=\"wpforms[submit]\" id=\"wpforms-submit-3079\" class=\"wpforms-submit\" data-alt-text=\"WYSY\u0141ANIE\" data-submit-text=\"WY\u015aLIJ\" aria-live=\"assertive\" value=\"wpforms-submit\">WY\u015aLIJ<\/button><img decoding=\"async\" src=\"https:\/\/gregorgebus.com\/wp-content\/plugins\/wpforms-lite\/assets\/images\/submit-spin.svg\" class=\"wpforms-submit-spinner\" style=\"display: none;\" width=\"26\" height=\"26\" alt=\"Wczytywanie\"><\/div><\/form><\/div>  <!-- .wpforms-container -->\t\t\t\t<\/div>\n\t\t\t\t<\/div>\n\t\t\t\t\t<\/div>\n\t\t<\/div>\n\t\t\t\t<div class=\"elementor-column elementor-col-33 elementor-top-column elementor-element elementor-element-4a16982\" data-id=\"4a16982\" data-element_type=\"column\" data-e-type=\"column\">\n\t\t\t<div class=\"elementor-widget-wrap elementor-element-populated\">\n\t\t\t\t\t\t<div class=\"elementor-element elementor-element-e8afe21 elementor-widget elementor-widget-image\" data-id=\"e8afe21\" data-element_type=\"widget\" data-e-type=\"widget\" data-widget_type=\"image.default\">\n\t\t\t\t<div class=\"elementor-widget-container\">\n\t\t\t\t\t\t\t\t\t\t\t\t\t\t\t<img fetchpriority=\"high\" decoding=\"async\" width=\"680\" height=\"1024\" src=\"https:\/\/gregorgebus.com\/wp-content\/uploads\/2020\/09\/DSC_7935p-680x1024.jpg\" class=\"attachment-large size-large wp-image-1319\" alt=\"\" srcset=\"https:\/\/gregorgebus.com\/wp-content\/uploads\/2020\/09\/DSC_7935p-680x1024.jpg 680w, https:\/\/gregorgebus.com\/wp-content\/uploads\/2020\/09\/DSC_7935p-199x300.jpg 199w, https:\/\/gregorgebus.com\/wp-content\/uploads\/2020\/09\/DSC_7935p-768x1156.jpg 768w, https:\/\/gregorgebus.com\/wp-content\/uploads\/2020\/09\/DSC_7935p-1020x1536.jpg 1020w, https:\/\/gregorgebus.com\/wp-content\/uploads\/2020\/09\/DSC_7935p-1360x2048.jpg 1360w, https:\/\/gregorgebus.com\/wp-content\/uploads\/2020\/09\/DSC_7935p-scaled.jpg 1063w\" sizes=\"(max-width: 680px) 100vw, 680px\" \/>\t\t\t\t\t\t\t\t\t\t\t\t\t\t\t<\/div>\n\t\t\t\t<\/div>\n\t\t\t\t\t<\/div>\n\t\t<\/div>\n\t\t\t\t\t<\/div>\n\t\t<\/section>\n\t\t\t\t<section class=\"elementor-section elementor-top-section elementor-element elementor-element-mnovqaf elementor-section-boxed elementor-section-height-default elementor-section-height-default\" data-id=\"mnovqaf\" data-element_type=\"section\" data-e-type=\"section\">\n\t\t\t\t\t\t<div class=\"elementor-container elementor-column-gap-default\">\n\t\t\t\t\t<div class=\"elementor-column elementor-col-20 elementor-top-column elementor-element elementor-element-qlm846x\" data-id=\"qlm846x\" data-element_type=\"column\" data-e-type=\"column\">\n\t\t\t<div class=\"elementor-widget-wrap\">\n\t\t\t\t\t\t\t<\/div>\n\t\t<\/div>\n\t\t\t\t<div class=\"elementor-column elementor-col-20 elementor-top-column elementor-element elementor-element-fgkbu9q\" data-id=\"fgkbu9q\" data-element_type=\"column\" data-e-type=\"column\">\n\t\t\t<div class=\"elementor-widget-wrap elementor-element-populated\">\n\t\t\t\t\t\t<div class=\"elementor-element elementor-element-w4bk3o0 elementor-view-stacked elementor-shape-circle elementor-position-block-start elementor-mobile-position-block-start elementor-widget elementor-widget-icon-box\" data-id=\"w4bk3o0\" data-element_type=\"widget\" data-e-type=\"widget\" data-widget_type=\"icon-box.default\">\n\t\t\t\t<div class=\"elementor-widget-container\">\n\t\t\t\t\t\t\t<div class=\"elementor-icon-box-wrapper\">\n\n\t\t\t\t\t\t<div class=\"elementor-icon-box-icon\">\n\t\t\t\t<span  class=\"elementor-icon\">\n\t\t\t\t<i aria-hidden=\"true\" class=\"fas fa-map-marker-alt\"><\/i>\t\t\t\t<\/span>\n\t\t\t<\/div>\n\t\t\t\n\t\t\t\t\t\t<div class=\"elementor-icon-box-content\">\n\n\t\t\t\t\t\t\t\t\t<h3 class=\"elementor-icon-box-title\">\n\t\t\t\t\t\t<span  >\n\t\t\t\t\t\t\tAdres\t\t\t\t\t\t<\/span>\n\t\t\t\t\t<\/h3>\n\t\t\t\t\n\t\t\t\t\t\t\t\t\t<p class=\"elementor-icon-box-description\">\n\t\t\t\t\t\tS\u0142upsk\/Szczecin\t\t\t\t\t<\/p>\n\t\t\t\t\n\t\t\t<\/div>\n\t\t\t\n\t\t<\/div>\n\t\t\t\t\t\t<\/div>\n\t\t\t\t<\/div>\n\t\t\t\t\t<\/div>\n\t\t<\/div>\n\t\t\t\t<div class=\"elementor-column elementor-col-20 elementor-top-column elementor-element elementor-element-ge8hsmm\" data-id=\"ge8hsmm\" data-element_type=\"column\" data-e-type=\"column\">\n\t\t\t<div class=\"elementor-widget-wrap elementor-element-populated\">\n\t\t\t\t\t\t<div class=\"elementor-element elementor-element-d7430vq elementor-view-stacked elementor-shape-circle elementor-position-block-start elementor-mobile-position-block-start elementor-widget elementor-widget-icon-box\" data-id=\"d7430vq\" data-element_type=\"widget\" data-e-type=\"widget\" data-widget_type=\"icon-box.default\">\n\t\t\t\t<div class=\"elementor-widget-container\">\n\t\t\t\t\t\t\t<div class=\"elementor-icon-box-wrapper\">\n\n\t\t\t\t\t\t<div class=\"elementor-icon-box-icon\">\n\t\t\t\t<span  class=\"elementor-icon\">\n\t\t\t\t<i aria-hidden=\"true\" class=\"fas fa-phone\"><\/i>\t\t\t\t<\/span>\n\t\t\t<\/div>\n\t\t\t\n\t\t\t\t\t\t<div class=\"elementor-icon-box-content\">\n\n\t\t\t\t\t\t\t\t\t<h3 class=\"elementor-icon-box-title\">\n\t\t\t\t\t\t<span  >\n\t\t\t\t\t\t\ttelefon\t\t\t\t\t\t<\/span>\n\t\t\t\t\t<\/h3>\n\t\t\t\t\n\t\t\t\t\t\t\t\t\t<p class=\"elementor-icon-box-description\">\n\t\t\t\t\t\t(+48) 534100102\t\t\t\t\t<\/p>\n\t\t\t\t\n\t\t\t<\/div>\n\t\t\t\n\t\t<\/div>\n\t\t\t\t\t\t<\/div>\n\t\t\t\t<\/div>\n\t\t\t\t\t<\/div>\n\t\t<\/div>\n\t\t\t\t<div class=\"elementor-column elementor-col-20 elementor-top-column elementor-element elementor-element-zprycva\" data-id=\"zprycva\" data-element_type=\"column\" data-e-type=\"column\">\n\t\t\t<div class=\"elementor-widget-wrap elementor-element-populated\">\n\t\t\t\t\t\t<div class=\"elementor-element elementor-element-fs01694 elementor-view-stacked elementor-shape-circle elementor-position-block-start elementor-mobile-position-block-start elementor-widget elementor-widget-icon-box\" data-id=\"fs01694\" data-element_type=\"widget\" data-e-type=\"widget\" data-widget_type=\"icon-box.default\">\n\t\t\t\t<div class=\"elementor-widget-container\">\n\t\t\t\t\t\t\t<div class=\"elementor-icon-box-wrapper\">\n\n\t\t\t\t\t\t<div class=\"elementor-icon-box-icon\">\n\t\t\t\t<span  class=\"elementor-icon\">\n\t\t\t\t<i aria-hidden=\"true\" class=\"far fa-envelope\"><\/i>\t\t\t\t<\/span>\n\t\t\t<\/div>\n\t\t\t\n\t\t\t\t\t\t<div class=\"elementor-icon-box-content\">\n\n\t\t\t\t\t\t\t\t\t<h3 class=\"elementor-icon-box-title\">\n\t\t\t\t\t\t<span  >\n\t\t\t\t\t\t\tEmail\t\t\t\t\t\t<\/span>\n\t\t\t\t\t<\/h3>\n\t\t\t\t\n\t\t\t\t\t\t\t\t\t<p class=\"elementor-icon-box-description\">\n\t\t\t\t\t\tgregorgebus@gmail.com\t\t\t\t\t<\/p>\n\t\t\t\t\n\t\t\t<\/div>\n\t\t\t\n\t\t<\/div>\n\t\t\t\t\t\t<\/div>\n\t\t\t\t<\/div>\n\t\t\t\t\t<\/div>\n\t\t<\/div>\n\t\t\t\t<div class=\"elementor-column elementor-col-20 elementor-top-column elementor-element elementor-element-vmdkz9w\" data-id=\"vmdkz9w\" data-element_type=\"column\" data-e-type=\"column\">\n\t\t\t<div class=\"elementor-widget-wrap\">\n\t\t\t\t\t\t\t<\/div>\n\t\t<\/div>\n\t\t\t\t\t<\/div>\n\t\t<\/section>\n\t\t\t\t<\/div>\n\t\t","protected":false},"excerpt":{"rendered":"<p>ZAPRASZAM DO KONTAKTU! Je\u017celi spodoba\u0142y Ci si\u0119 moje zdj\u0119cia i chcesz stan\u0105\u0107 przed moim obiektywem, zapraszam Ci\u0119 do wype\u0142nienia formularza kontaktowego, napisania maila lub kontaktu telefonicznego w celu om\u00f3wienia szczeg\u00f3\u0142\u00f3w. Adres S\u0142upsk\/Szczecin telefon (+48) 534100102 Email gregorgebus@gmail.com<\/p>\n","protected":false},"author":1,"featured_media":0,"parent":0,"menu_order":0,"comment_status":"closed","ping_status":"closed","template":"","meta":{"ocean_post_layout":"full-width","ocean_both_sidebars_style":"","ocean_both_sidebars_content_width":0,"ocean_both_sidebars_sidebars_width":0,"ocean_sidebar":"","ocean_second_sidebar":"","ocean_disable_margins":"enable","ocean_add_body_class":"","ocean_shortcode_before_top_bar":"","ocean_shortcode_after_top_bar":"","ocean_shortcode_before_header":"","ocean_shortcode_after_header":"","ocean_has_shortcode":"","ocean_shortcode_after_title":"","ocean_shortcode_before_footer_widgets":"","ocean_shortcode_after_footer_widgets":"","ocean_shortcode_before_footer_bottom":"","ocean_shortcode_after_footer_bottom":"","ocean_display_top_bar":"default","ocean_display_header":"default","ocean_header_style":"","ocean_center_header_left_menu":"","ocean_custom_header_template":"","ocean_custom_logo":0,"ocean_custom_retina_logo":0,"ocean_custom_logo_max_width":0,"ocean_custom_logo_tablet_max_width":0,"ocean_custom_logo_mobile_max_width":0,"ocean_custom_logo_max_height":0,"ocean_custom_logo_tablet_max_height":0,"ocean_custom_logo_mobile_max_height":0,"ocean_header_custom_menu":"","ocean_menu_typo_font_family":"","ocean_menu_typo_font_subset":"","ocean_menu_typo_font_size":0,"ocean_menu_typo_font_size_tablet":0,"ocean_menu_typo_font_size_mobile":0,"ocean_menu_typo_font_size_unit":"px","ocean_menu_typo_font_weight":"","ocean_menu_typo_font_weight_tablet":"","ocean_menu_typo_font_weight_mobile":"","ocean_menu_typo_transform":"","ocean_menu_typo_transform_tablet":"","ocean_menu_typo_transform_mobile":"","ocean_menu_typo_line_height":0,"ocean_menu_typo_line_height_tablet":0,"ocean_menu_typo_line_height_mobile":0,"ocean_menu_typo_line_height_unit":"","ocean_menu_typo_spacing":0,"ocean_menu_typo_spacing_tablet":0,"ocean_menu_typo_spacing_mobile":0,"ocean_menu_typo_spacing_unit":"","ocean_menu_link_color":"","ocean_menu_link_color_hover":"","ocean_menu_link_color_active":"","ocean_menu_link_background":"","ocean_menu_link_hover_background":"","ocean_menu_link_active_background":"","ocean_menu_social_links_bg":"","ocean_menu_social_hover_links_bg":"","ocean_menu_social_links_color":"","ocean_menu_social_hover_links_color":"","ocean_disable_title":"default","ocean_disable_heading":"default","ocean_post_title":"","ocean_post_subheading":"","ocean_post_title_style":"","ocean_post_title_background_color":"","ocean_post_title_background":0,"ocean_post_title_bg_image_position":"","ocean_post_title_bg_image_attachment":"","ocean_post_title_bg_image_repeat":"","ocean_post_title_bg_image_size":"","ocean_post_title_height":0,"ocean_post_title_bg_overlay":0.5,"ocean_post_title_bg_overlay_color":"","ocean_disable_breadcrumbs":"default","ocean_breadcrumbs_color":"","ocean_breadcrumbs_separator_color":"","ocean_breadcrumbs_links_color":"","ocean_breadcrumbs_links_hover_color":"","ocean_display_footer_widgets":"default","ocean_display_footer_bottom":"default","ocean_custom_footer_template":"","footnotes":""},"class_list":["post-254","page","type-page","status-publish","hentry","entry"],"yoast_head":"<!-- This site is optimized with the Yoast SEO plugin v27.4 - https:\/\/yoast.com\/product\/yoast-seo-wordpress\/ -->\n<title>NAPISZ DO MNIE - Gregor G\u0119bu\u015b<\/title>\n<meta name=\"robots\" content=\"index, follow, max-snippet:-1, max-image-preview:large, max-video-preview:-1\" \/>\n<link rel=\"canonical\" href=\"https:\/\/gregorgebus.com\/index.php\/kontakt\/\" \/>\n<meta property=\"og:locale\" content=\"pl_PL\" \/>\n<meta property=\"og:type\" content=\"article\" \/>\n<meta property=\"og:title\" content=\"NAPISZ DO MNIE - Gregor G\u0119bu\u015b\" \/>\n<meta property=\"og:description\" content=\"ZAPRASZAM DO KONTAKTU! Je\u017celi spodoba\u0142y Ci si\u0119 moje zdj\u0119cia i chcesz stan\u0105\u0107 przed moim obiektywem, zapraszam Ci\u0119 do wype\u0142nienia formularza kontaktowego, napisania maila lub kontaktu telefonicznego w celu om\u00f3wienia szczeg\u00f3\u0142\u00f3w. Adres S\u0142upsk\/Szczecin telefon (+48) 534100102 Email gregorgebus@gmail.com\" \/>\n<meta property=\"og:url\" content=\"https:\/\/gregorgebus.com\/index.php\/kontakt\/\" \/>\n<meta property=\"og:site_name\" content=\"Gregor G\u0119bu\u015b\" \/>\n<meta property=\"article:modified_time\" content=\"2021-11-16T19:49:24+00:00\" \/>\n<meta property=\"og:image\" content=\"https:\/\/gregorgebus.com\/wp-content\/uploads\/2020\/09\/DSC_7935p-680x1024.jpg\" \/>\n<meta name=\"twitter:card\" content=\"summary_large_image\" \/>\n<meta name=\"twitter:label1\" content=\"Szacowany czas czytania\" \/>\n\t<meta name=\"twitter:data1\" content=\"1 minuta\" \/>\n<script type=\"application\/ld+json\" class=\"yoast-schema-graph\">{\"@context\":\"https:\\\/\\\/schema.org\",\"@graph\":[{\"@type\":\"WebPage\",\"@id\":\"https:\\\/\\\/gregorgebus.com\\\/index.php\\\/kontakt\\\/\",\"url\":\"https:\\\/\\\/gregorgebus.com\\\/index.php\\\/kontakt\\\/\",\"name\":\"NAPISZ DO MNIE - Gregor G\u0119bu\u015b\",\"isPartOf\":{\"@id\":\"https:\\\/\\\/gregorgebus.com\\\/#website\"},\"primaryImageOfPage\":{\"@id\":\"https:\\\/\\\/gregorgebus.com\\\/index.php\\\/kontakt\\\/#primaryimage\"},\"image\":{\"@id\":\"https:\\\/\\\/gregorgebus.com\\\/index.php\\\/kontakt\\\/#primaryimage\"},\"thumbnailUrl\":\"https:\\\/\\\/gregorgebus.com\\\/wp-content\\\/uploads\\\/2020\\\/09\\\/DSC_7935p-680x1024.jpg\",\"datePublished\":\"2016-11-09T22:35:36+00:00\",\"dateModified\":\"2021-11-16T19:49:24+00:00\",\"breadcrumb\":{\"@id\":\"https:\\\/\\\/gregorgebus.com\\\/index.php\\\/kontakt\\\/#breadcrumb\"},\"inLanguage\":\"pl-PL\",\"potentialAction\":[{\"@type\":\"ReadAction\",\"target\":[\"https:\\\/\\\/gregorgebus.com\\\/index.php\\\/kontakt\\\/\"]}]},{\"@type\":\"ImageObject\",\"inLanguage\":\"pl-PL\",\"@id\":\"https:\\\/\\\/gregorgebus.com\\\/index.php\\\/kontakt\\\/#primaryimage\",\"url\":\"https:\\\/\\\/gregorgebus.com\\\/wp-content\\\/uploads\\\/2020\\\/09\\\/DSC_7935p-680x1024.jpg\",\"contentUrl\":\"https:\\\/\\\/gregorgebus.com\\\/wp-content\\\/uploads\\\/2020\\\/09\\\/DSC_7935p-680x1024.jpg\"},{\"@type\":\"BreadcrumbList\",\"@id\":\"https:\\\/\\\/gregorgebus.com\\\/index.php\\\/kontakt\\\/#breadcrumb\",\"itemListElement\":[{\"@type\":\"ListItem\",\"position\":1,\"name\":\"Strona g\u0142\u00f3wna\",\"item\":\"https:\\\/\\\/gregorgebus.com\\\/\"},{\"@type\":\"ListItem\",\"position\":2,\"name\":\"NAPISZ DO MNIE\"}]},{\"@type\":\"WebSite\",\"@id\":\"https:\\\/\\\/gregorgebus.com\\\/#website\",\"url\":\"https:\\\/\\\/gregorgebus.com\\\/\",\"name\":\"Gregor G\u0119bu\u015b\",\"description\":\"Fotografia \u015alubna, Portretowa, Rodzinna, Dzieci\u0119ca | S\u0142upsk, Szczecin, Ustka\",\"publisher\":{\"@id\":\"https:\\\/\\\/gregorgebus.com\\\/#\\\/schema\\\/person\\\/efd378d2ba58a0a5a7a690d7b3392bd9\"},\"potentialAction\":[{\"@type\":\"SearchAction\",\"target\":{\"@type\":\"EntryPoint\",\"urlTemplate\":\"https:\\\/\\\/gregorgebus.com\\\/?s={search_term_string}\"},\"query-input\":{\"@type\":\"PropertyValueSpecification\",\"valueRequired\":true,\"valueName\":\"search_term_string\"}}],\"inLanguage\":\"pl-PL\"},{\"@type\":[\"Person\",\"Organization\"],\"@id\":\"https:\\\/\\\/gregorgebus.com\\\/#\\\/schema\\\/person\\\/efd378d2ba58a0a5a7a690d7b3392bd9\",\"name\":\"gregorgebus\",\"image\":{\"@type\":\"ImageObject\",\"inLanguage\":\"pl-PL\",\"@id\":\"https:\\\/\\\/gregorgebus.com\\\/wp-content\\\/uploads\\\/2020\\\/03\\\/111.png\",\"url\":\"https:\\\/\\\/gregorgebus.com\\\/wp-content\\\/uploads\\\/2020\\\/03\\\/111.png\",\"contentUrl\":\"https:\\\/\\\/gregorgebus.com\\\/wp-content\\\/uploads\\\/2020\\\/03\\\/111.png\",\"width\":1600,\"height\":287,\"caption\":\"gregorgebus\"},\"logo\":{\"@id\":\"https:\\\/\\\/gregorgebus.com\\\/wp-content\\\/uploads\\\/2020\\\/03\\\/111.png\"}}]}<\/script>\n<!-- \/ Yoast SEO plugin. -->","yoast_head_json":{"title":"NAPISZ DO MNIE - Gregor G\u0119bu\u015b","robots":{"index":"index","follow":"follow","max-snippet":"max-snippet:-1","max-image-preview":"max-image-preview:large","max-video-preview":"max-video-preview:-1"},"canonical":"https:\/\/gregorgebus.com\/index.php\/kontakt\/","og_locale":"pl_PL","og_type":"article","og_title":"NAPISZ DO MNIE - Gregor G\u0119bu\u015b","og_description":"ZAPRASZAM DO KONTAKTU! Je\u017celi spodoba\u0142y Ci si\u0119 moje zdj\u0119cia i chcesz stan\u0105\u0107 przed moim obiektywem, zapraszam Ci\u0119 do wype\u0142nienia formularza kontaktowego, napisania maila lub kontaktu telefonicznego w celu om\u00f3wienia szczeg\u00f3\u0142\u00f3w. Adres S\u0142upsk\/Szczecin telefon (+48) 534100102 Email gregorgebus@gmail.com","og_url":"https:\/\/gregorgebus.com\/index.php\/kontakt\/","og_site_name":"Gregor G\u0119bu\u015b","article_modified_time":"2021-11-16T19:49:24+00:00","og_image":[{"url":"https:\/\/gregorgebus.com\/wp-content\/uploads\/2020\/09\/DSC_7935p-680x1024.jpg","type":"","width":"","height":""}],"twitter_card":"summary_large_image","twitter_misc":{"Szacowany czas czytania":"1 minuta"},"schema":{"@context":"https:\/\/schema.org","@graph":[{"@type":"WebPage","@id":"https:\/\/gregorgebus.com\/index.php\/kontakt\/","url":"https:\/\/gregorgebus.com\/index.php\/kontakt\/","name":"NAPISZ DO MNIE - Gregor G\u0119bu\u015b","isPartOf":{"@id":"https:\/\/gregorgebus.com\/#website"},"primaryImageOfPage":{"@id":"https:\/\/gregorgebus.com\/index.php\/kontakt\/#primaryimage"},"image":{"@id":"https:\/\/gregorgebus.com\/index.php\/kontakt\/#primaryimage"},"thumbnailUrl":"https:\/\/gregorgebus.com\/wp-content\/uploads\/2020\/09\/DSC_7935p-680x1024.jpg","datePublished":"2016-11-09T22:35:36+00:00","dateModified":"2021-11-16T19:49:24+00:00","breadcrumb":{"@id":"https:\/\/gregorgebus.com\/index.php\/kontakt\/#breadcrumb"},"inLanguage":"pl-PL","potentialAction":[{"@type":"ReadAction","target":["https:\/\/gregorgebus.com\/index.php\/kontakt\/"]}]},{"@type":"ImageObject","inLanguage":"pl-PL","@id":"https:\/\/gregorgebus.com\/index.php\/kontakt\/#primaryimage","url":"https:\/\/gregorgebus.com\/wp-content\/uploads\/2020\/09\/DSC_7935p-680x1024.jpg","contentUrl":"https:\/\/gregorgebus.com\/wp-content\/uploads\/2020\/09\/DSC_7935p-680x1024.jpg"},{"@type":"BreadcrumbList","@id":"https:\/\/gregorgebus.com\/index.php\/kontakt\/#breadcrumb","itemListElement":[{"@type":"ListItem","position":1,"name":"Strona g\u0142\u00f3wna","item":"https:\/\/gregorgebus.com\/"},{"@type":"ListItem","position":2,"name":"NAPISZ DO MNIE"}]},{"@type":"WebSite","@id":"https:\/\/gregorgebus.com\/#website","url":"https:\/\/gregorgebus.com\/","name":"Gregor G\u0119bu\u015b","description":"Fotografia \u015alubna, Portretowa, Rodzinna, Dzieci\u0119ca | S\u0142upsk, Szczecin, Ustka","publisher":{"@id":"https:\/\/gregorgebus.com\/#\/schema\/person\/efd378d2ba58a0a5a7a690d7b3392bd9"},"potentialAction":[{"@type":"SearchAction","target":{"@type":"EntryPoint","urlTemplate":"https:\/\/gregorgebus.com\/?s={search_term_string}"},"query-input":{"@type":"PropertyValueSpecification","valueRequired":true,"valueName":"search_term_string"}}],"inLanguage":"pl-PL"},{"@type":["Person","Organization"],"@id":"https:\/\/gregorgebus.com\/#\/schema\/person\/efd378d2ba58a0a5a7a690d7b3392bd9","name":"gregorgebus","image":{"@type":"ImageObject","inLanguage":"pl-PL","@id":"https:\/\/gregorgebus.com\/wp-content\/uploads\/2020\/03\/111.png","url":"https:\/\/gregorgebus.com\/wp-content\/uploads\/2020\/03\/111.png","contentUrl":"https:\/\/gregorgebus.com\/wp-content\/uploads\/2020\/03\/111.png","width":1600,"height":287,"caption":"gregorgebus"},"logo":{"@id":"https:\/\/gregorgebus.com\/wp-content\/uploads\/2020\/03\/111.png"}}]}},"_links":{"self":[{"href":"https:\/\/gregorgebus.com\/index.php\/wp-json\/wp\/v2\/pages\/254","targetHints":{"allow":["GET"]}}],"collection":[{"href":"https:\/\/gregorgebus.com\/index.php\/wp-json\/wp\/v2\/pages"}],"about":[{"href":"https:\/\/gregorgebus.com\/index.php\/wp-json\/wp\/v2\/types\/page"}],"author":[{"embeddable":true,"href":"https:\/\/gregorgebus.com\/index.php\/wp-json\/wp\/v2\/users\/1"}],"replies":[{"embeddable":true,"href":"https:\/\/gregorgebus.com\/index.php\/wp-json\/wp\/v2\/comments?post=254"}],"version-history":[{"count":34,"href":"https:\/\/gregorgebus.com\/index.php\/wp-json\/wp\/v2\/pages\/254\/revisions"}],"predecessor-version":[{"id":3083,"href":"https:\/\/gregorgebus.com\/index.php\/wp-json\/wp\/v2\/pages\/254\/revisions\/3083"}],"wp:attachment":[{"href":"https:\/\/gregorgebus.com\/index.php\/wp-json\/wp\/v2\/media?parent=254"}],"curies":[{"name":"wp","href":"https:\/\/api.w.org\/{rel}","templated":true}]}}